{"id":48,"date":"2017-02-27T13:48:44","date_gmt":"2017-02-27T12:48:44","guid":{"rendered":"http:\/\/www.jc.dk\/?page_id=48"},"modified":"2017-03-02T05:21:02","modified_gmt":"2017-03-02T04:21:02","slug":"links","status":"publish","type":"page","link":"https:\/\/www.tandkvalitet.dk\/index.php\/links\/","title":{"rendered":"Links"},"content":{"rendered":"<p>Vi har samlet en r\u00e6kke nyttige links, s\u00e5 du har mulighed for at unders\u00f8ge et eller flere behandlingsforl\u00f8b som forberedelse eller supplement til en snak med os om en eventuel behandling.:<\/p>\n<p>Du kan ogs\u00e5 nedenfor se link til forskellige relevante institutioner, som har med tandbehandling at g\u00f8re:<\/p>\n<ul>\n<li><a href=\"http:\/\/www.tandlaegeforeningen.dk\" target=\"_blank\">Tandl\u00e6geforeningen<\/a><\/li>\n<li><a href=\"http:\/\/www.sygeforsikring.dk\" target=\"_blank\">Sygeforsikring Danmark<\/a><\/li>\n<li><a href=\"https:\/\/www.regionsyddanmark.dk\/wm211080\" target=\"_blank\">Tandl\u00e6gevagten Fyn<\/a><\/li>\n<li><a href=\"http:\/\/www.sundhed.dk\" target=\"_blank\">Sundhed.dk<\/a><\/li>\n<li><a href=\"http:\/\/www.dansktp.dk\" target=\"_blank\">Dansk Tandplejerforening<\/a><\/li>\n<\/ul>\n","protected":false},"excerpt":{"rendered":"<p>Vi har samlet en r\u00e6kke nyttige links, s\u00e5 du har mulighed for at unders\u00f8ge et eller flere behandlingsforl\u00f8b som forberedelse eller supplement til en snak med os om en eventuel behandling.: Du kan ogs\u00e5 nedenfor se link til forskellige relevante institutioner, som har med tandbehandling at g\u00f8re: Tandl\u00e6geforeningen Sygeforsikring Danmark &hellip;<\/p>\n","protected":false},"author":1,"featured_media":46,"parent":0,"menu_order":0,"comment_status":"closed","ping_status":"closed","template":"","meta":{"footnotes":""},"class_list":["post-48","page","type-page","status-publish","has-post-thumbnail","hentry"],"_links":{"self":[{"href":"https:\/\/www.tandkvalitet.dk\/index.php\/wp-json\/wp\/v2\/pages\/48","targetHints":{"allow":["GET"]}}],"collection":[{"href":"https:\/\/www.tandkvalitet.dk\/index.php\/wp-json\/wp\/v2\/pages"}],"about":[{"href":"https:\/\/www.tandkvalitet.dk\/index.php\/wp-json\/wp\/v2\/types\/page"}],"author":[{"embeddable":true,"href":"https:\/\/www.tandkvalitet.dk\/index.php\/wp-json\/wp\/v2\/users\/1"}],"replies":[{"embeddable":true,"href":"https:\/\/www.tandkvalitet.dk\/index.php\/wp-json\/wp\/v2\/comments?post=48"}],"version-history":[{"count":5,"href":"https:\/\/www.tandkvalitet.dk\/index.php\/wp-json\/wp\/v2\/pages\/48\/revisions"}],"predecessor-version":[{"id":193,"href":"https:\/\/www.tandkvalitet.dk\/index.php\/wp-json\/wp\/v2\/pages\/48\/revisions\/193"}],"wp:featuredmedia":[{"embeddable":true,"href":"https:\/\/www.tandkvalitet.dk\/index.php\/wp-json\/wp\/v2\/media\/46"}],"wp:attachment":[{"href":"https:\/\/www.tandkvalitet.dk\/index.php\/wp-json\/wp\/v2\/media?parent=48"}],"curies":[{"name":"wp","href":"https:\/\/api.w.org\/{rel}","templated":true}]}}