{"id":340,"date":"2017-03-10T17:14:14","date_gmt":"2017-03-10T16:14:14","guid":{"rendered":"http:\/\/www.jc.dk\/?page_id=340"},"modified":"2021-09-07T11:37:59","modified_gmt":"2021-09-07T09:37:59","slug":"skift-af-tandlaege","status":"publish","type":"page","link":"https:\/\/www.tandkvalitet.dk\/index.php\/links\/skift-af-tandlaege\/","title":{"rendered":"Skift af tandl\u00e6ge"},"content":{"rendered":"<p>Der er ikke noget vanskeligt i at skifte tandl\u00e6ge. Du beh\u00f8ver ikke selv foretage dig andet end at bede os om det. Udfyld formularen. S\u00e5 s\u00f8rger vi for at alle oplysninger om dig bliver hentet hos din nuv\u00e6rende tandl\u00e6ge og indkalder dig til et tandeftersyn her p\u00e5 klinikken.<\/p>\n<p>Formularen bliver send i krypteret form, s\u00e5 der er ingen risiko for, at informationerne lander det forkerte sted.<\/p>\n<div class=\"wpforms-container wpforms-container-full\" id=\"wpforms-3302\"><form id=\"wpforms-form-3302\" class=\"wpforms-validate wpforms-form\" data-formid=\"3302\" method=\"post\" enctype=\"multipart\/form-data\" action=\"\/index.php\/wp-json\/wp\/v2\/pages\/340\" data-token=\"51b9d709205bc6c2acef0da98ed0dd24\"><noscript class=\"wpforms-error-noscript\">Please enable JavaScript in your browser to complete this form.<\/noscript><div class=\"wpforms-field-container\"><div id=\"wpforms-3302-field_4-container\" class=\"wpforms-field wpforms-field-text\" data-field-id=\"4\"><label class=\"wpforms-field-label\" for=\"wpforms-3302-field_4\">CPR-nummer <span class=\"wpforms-required-label\">*<\/span><\/label><input type=\"text\" id=\"wpforms-3302-field_4\" class=\"wpforms-field-medium wpforms-field-required\" name=\"wpforms[fields][4]\" required><\/div><div id=\"wpforms-3302-field_0-container\" class=\"wpforms-field wpforms-field-name\" data-field-id=\"0\"><label class=\"wpforms-field-label\" for=\"wpforms-3302-field_0\">Navn <span class=\"wpforms-required-label\">*<\/span><\/label><input type=\"text\" id=\"wpforms-3302-field_0\" class=\"wpforms-field-medium wpforms-field-required\" name=\"wpforms[fields][0]\" required><\/div><div id=\"wpforms-3302-field_5-container\" class=\"wpforms-field wpforms-field-text\" data-field-id=\"5\"><label class=\"wpforms-field-label\" for=\"wpforms-3302-field_5\">Adresse <span class=\"wpforms-required-label\">*<\/span><\/label><input type=\"text\" id=\"wpforms-3302-field_5\" class=\"wpforms-field-medium wpforms-field-required\" name=\"wpforms[fields][5]\" required><\/div><div id=\"wpforms-3302-field_6-container\" class=\"wpforms-field wpforms-field-text\" data-field-id=\"6\"><label class=\"wpforms-field-label\" for=\"wpforms-3302-field_6\">Postnr <span class=\"wpforms-required-label\">*<\/span><\/label><input type=\"text\" id=\"wpforms-3302-field_6\" class=\"wpforms-field-medium wpforms-field-required\" name=\"wpforms[fields][6]\" required><\/div><div id=\"wpforms-3302-field_1-container\" class=\"wpforms-field wpforms-field-email\" data-field-id=\"1\"><label class=\"wpforms-field-label\" for=\"wpforms-3302-field_1\">Email <span class=\"wpforms-required-label\">*<\/span><\/label><input type=\"email\" id=\"wpforms-3302-field_1\" class=\"wpforms-field-medium wpforms-field-required\" name=\"wpforms[fields][1]\" required><\/div><div id=\"wpforms-3302-field_7-container\" class=\"wpforms-field wpforms-field-text\" data-field-id=\"7\"><label class=\"wpforms-field-label\" for=\"wpforms-3302-field_7\">Nuv\u00e6rende tandl\u00e6ges navn <span class=\"wpforms-required-label\">*<\/span><\/label><input type=\"text\" id=\"wpforms-3302-field_7\" class=\"wpforms-field-medium wpforms-field-required\" name=\"wpforms[fields][7]\" required><\/div><div id=\"wpforms-3302-field_8-container\" class=\"wpforms-field wpforms-field-text\" data-field-id=\"8\"><label class=\"wpforms-field-label\" for=\"wpforms-3302-field_8\">Nuv\u00e6rende tandl\u00e6ges adresse, postnr og by <span class=\"wpforms-required-label\">*<\/span><\/label><input type=\"text\" id=\"wpforms-3302-field_8\" class=\"wpforms-field-medium wpforms-field-required\" name=\"wpforms[fields][8]\" required><\/div><div id=\"wpforms-3302-field_10-container\" class=\"wpforms-field wpforms-field-checkbox\" data-field-id=\"10\"><label class=\"wpforms-field-label\" for=\"wpforms-3302-field_10\">M\u00e5 vi starte dit skifte af tandl\u00e6ge?<\/label><ul id=\"wpforms-3302-field_10\"><li class=\"choice-1 depth-1 wpforms-selected\"><input type=\"checkbox\" id=\"wpforms-3302-field_10_1\" name=\"wpforms[fields][10][]\" value=\" Ja tak. Tandl\u00e6gerne i Munkebo m\u00e5 gerne iv\u00e6rks\u00e6tte mit skift af tandl\u00e6ge\"   checked='checked'><label class=\"wpforms-field-label-inline\" for=\"wpforms-3302-field_10_1\"> Ja tak. Tandl\u00e6gerne i Munkebo m\u00e5 gerne iv\u00e6rks\u00e6tte mit skift af tandl\u00e6ge<\/label><\/li><\/ul><\/div><\/div><div class=\"wpforms-recaptcha-container wpforms-is-recaptcha\" ><div class=\"g-recaptcha\" data-sitekey=\"6Lf4ZU4cAAAAAONhuBHBMj8UerbhfvaZc13MbDNP\"><\/div><input type=\"text\" name=\"g-recaptcha-hidden\" class=\"wpforms-recaptcha-hidden\" style=\"position:absolute!important;clip:rect(0,0,0,0)!important;height:1px!important;width:1px!important;border:0!important;overflow:hidden!important;padding:0!important;margin:0!important;\" required><\/div><div class=\"wpforms-submit-container\" ><input type=\"hidden\" name=\"wpforms[id]\" value=\"3302\"><input type=\"hidden\" name=\"wpforms[author]\" value=\"1\"><button type=\"submit\" name=\"wpforms[submit]\" class=\"wpforms-submit \" id=\"wpforms-submit-3302\" value=\"wpforms-submit\" aria-live=\"assertive\" data-alt-text=\"Sending...\" data-submit-text=\"Send informationerne\">Send informationerne<\/button><\/div><\/form><\/div>  <!-- .wpforms-container -->\n","protected":false},"excerpt":{"rendered":"<p>Der er ikke noget vanskeligt i at skifte tandl\u00e6ge. Du beh\u00f8ver ikke selv foretage dig andet end at bede os om det. Udfyld formularen. S\u00e5 s\u00f8rger vi for at alle oplysninger om dig bliver hentet hos din nuv\u00e6rende tandl\u00e6ge og indkalder dig til et tandeftersyn her p\u00e5 klinikken. Formularen bliver &hellip;<\/p>\n","protected":false},"author":1,"featured_media":0,"parent":48,"menu_order":0,"comment_status":"closed","ping_status":"closed","template":"","meta":{"footnotes":""},"class_list":["post-340","page","type-page","status-publish","hentry"],"_links":{"self":[{"href":"https:\/\/www.tandkvalitet.dk\/index.php\/wp-json\/wp\/v2\/pages\/340","targetHints":{"allow":["GET"]}}],"collection":[{"href":"https:\/\/www.tandkvalitet.dk\/index.php\/wp-json\/wp\/v2\/pages"}],"about":[{"href":"https:\/\/www.tandkvalitet.dk\/index.php\/wp-json\/wp\/v2\/types\/page"}],"author":[{"embeddable":true,"href":"https:\/\/www.tandkvalitet.dk\/index.php\/wp-json\/wp\/v2\/users\/1"}],"replies":[{"embeddable":true,"href":"https:\/\/www.tandkvalitet.dk\/index.php\/wp-json\/wp\/v2\/comments?post=340"}],"version-history":[{"count":3,"href":"https:\/\/www.tandkvalitet.dk\/index.php\/wp-json\/wp\/v2\/pages\/340\/revisions"}],"predecessor-version":[{"id":3313,"href":"https:\/\/www.tandkvalitet.dk\/index.php\/wp-json\/wp\/v2\/pages\/340\/revisions\/3313"}],"up":[{"embeddable":true,"href":"https:\/\/www.tandkvalitet.dk\/index.php\/wp-json\/wp\/v2\/pages\/48"}],"wp:attachment":[{"href":"https:\/\/www.tandkvalitet.dk\/index.php\/wp-json\/wp\/v2\/media?parent=340"}],"curies":[{"name":"wp","href":"https:\/\/api.w.org\/{rel}","templated":true}]}}