{"id":200,"date":"2017-03-02T05:57:35","date_gmt":"2017-03-02T04:57:35","guid":{"rendered":"http:\/\/www.jc.dk\/?page_id=200"},"modified":"2017-05-01T18:39:33","modified_gmt":"2017-05-01T16:39:33","slug":"priser","status":"publish","type":"page","link":"https:\/\/www.tandkvalitet.dk\/index.php\/priser\/","title":{"rendered":"Priser"},"content":{"rendered":"<p><strong>Overenskomstpriser<br \/>\n<\/strong>For en r\u00e6kke behandlinger er der indg\u00e5et overenskomst mellem Tandl\u00e6geforeningen og den offentlige sygesikring for den del af befolkningen, der er i sikringsgruppe 1. Disse priser og tilskud er de samme fra alle tandl\u00e6ger, og du kan finde dem p\u00e5 Tandl\u00e6geforeningens hjemmeside. <a href=\"https:\/\/www.tandlaegeforeningen.dk\/-\/media\/Tandlaegeforeningen\/patienter\/honorartabel\/Honorartabeller_samlet_April_2017.ashx?la=da\" target=\"_blank\">Her er en .pdf fil med priserne 1.4 &#8211; 1.10.17<\/a><\/p>\n<p>For sikrede i sikringsgruppe 2 er tilskuddene de samme, men priserne er ikke faste, s\u00e5 er du i gruppe 2 kan du opleve forskellige priser fra tandl\u00e6ge til tandl\u00e6ge.<\/p>\n<p>&nbsp;<\/p>\n<p><strong>Vore priser<\/strong><\/p>\n<p>Som supplement til de overenskomstm\u00e6ssige fastlagte priser og tilskud kan du se vores prisliste via portalen www.sundhed.dk . <a href=\"https:\/\/www.sundhed.dk\/borger\/guides\/find-behandler\/?orgId=30580\" target=\"_blank\">Her er link til klinikkens data &#8211; og herunder ogs\u00e5 opdateret prisliste p\u00e5 sundhed.dk.<\/a><\/p>\n<p><strong>Andet<\/strong><br \/>\nDu er altid velkommen til at f\u00e5 et overslag p\u00e5, hvad en speciel tandbehandling vil koste, og der er ofte flere muligheder.<br \/>\nDer er masser af individuelle tilpasninger, der p\u00e5virker en konkret pris, s\u00e5 vi anbefaler dig at sp\u00f8rge , s\u00e5 du ved, hvad en given behandling vil l\u00f8be op i.<br \/>\nEndvidere er der en r\u00e6kke muligheder for tilskud, som du finder p\u00e5 vores <a href=\"http:\/\/www.jc.dk\/index.php\/links\/tilskudsmuligheder\/\">side med tilskudsmuligheder.<\/a><\/p>\n","protected":false},"excerpt":{"rendered":"<p>Overenskomstpriser For en r\u00e6kke behandlinger er der indg\u00e5et overenskomst mellem Tandl\u00e6geforeningen og den offentlige sygesikring for den del af befolkningen, der er i sikringsgruppe 1. Disse priser og tilskud er de samme fra alle tandl\u00e6ger, og du kan finde dem p\u00e5 Tandl\u00e6geforeningens hjemmeside. Her er en .pdf fil med priserne &hellip;<\/p>\n","protected":false},"author":1,"featured_media":0,"parent":0,"menu_order":0,"comment_status":"closed","ping_status":"closed","template":"","meta":{"footnotes":""},"class_list":["post-200","page","type-page","status-publish","hentry"],"_links":{"self":[{"href":"https:\/\/www.tandkvalitet.dk\/index.php\/wp-json\/wp\/v2\/pages\/200","targetHints":{"allow":["GET"]}}],"collection":[{"href":"https:\/\/www.tandkvalitet.dk\/index.php\/wp-json\/wp\/v2\/pages"}],"about":[{"href":"https:\/\/www.tandkvalitet.dk\/index.php\/wp-json\/wp\/v2\/types\/page"}],"author":[{"embeddable":true,"href":"https:\/\/www.tandkvalitet.dk\/index.php\/wp-json\/wp\/v2\/users\/1"}],"replies":[{"embeddable":true,"href":"https:\/\/www.tandkvalitet.dk\/index.php\/wp-json\/wp\/v2\/comments?post=200"}],"version-history":[{"count":15,"href":"https:\/\/www.tandkvalitet.dk\/index.php\/wp-json\/wp\/v2\/pages\/200\/revisions"}],"predecessor-version":[{"id":444,"href":"https:\/\/www.tandkvalitet.dk\/index.php\/wp-json\/wp\/v2\/pages\/200\/revisions\/444"}],"wp:attachment":[{"href":"https:\/\/www.tandkvalitet.dk\/index.php\/wp-json\/wp\/v2\/media?parent=200"}],"curies":[{"name":"wp","href":"https:\/\/api.w.org\/{rel}","templated":true}]}}