{"id":145,"date":"2017-02-27T18:55:15","date_gmt":"2017-02-27T17:55:15","guid":{"rendered":"http:\/\/www.jc.dk\/?page_id=145"},"modified":"2023-08-29T17:45:07","modified_gmt":"2023-08-29T15:45:07","slug":"medarbejdere","status":"publish","type":"page","link":"https:\/\/www.tandkvalitet.dk\/index.php\/medarbejdere\/","title":{"rendered":"Medarbejdere"},"content":{"rendered":"<div class=\"csRow\">\n<div class=\"csColumn\" style=\"margin: 0px; padding: 0px; float: left; width: 41.2%;\" data-csstartpoint=\"-0.000004752929687157348\" data-csendpoint=\"300.99997998828127\" data-cswidth=\"41.2%\" data-csid=\"11d84965-93b3-f51f-836b-5eb0b80d4ae3\">\n<p><img decoding=\"async\" class=\"alignnone\" src=\"\/wp-content\/uploads\/2017\/05\/allan_ok.jpg\" alt=\"\" \/><\/p>\n<h4><em>Allan Friis Pedersen <\/em><\/h4>\n<p><em>Allan interesserer sig specielt for kirurgi og implantologi og tilbyder avancerede rekonstruktioner. Allan er konsulent for andre tandl\u00e6ger og opererer for forskellige klinikker landet over.<\/em><\/p>\n<\/div>\n<div class=\"csColumnGap\" style=\"margin: 0px; padding: 0px; float: left; width: 1.37%;\"><img decoding=\"async\" src=\"https:\/\/www.tandkvalitet.dk\/wp-content\/plugins\/advanced-wp-columns\/assets\/js\/plugins\/views\/img\/1x1-pixel.png\" \/><\/div>\n<div class=\"csColumn\" style=\"margin: 0px; padding: 0px; float: left; width: 41.1%;\" data-csstartpoint=\"310.99997998828127\" data-csendpoint=\"610.9999799882812\" data-cswidth=\"41.1%\" data-csid=\"edc53655-f379-645e-b866-f4281557ed39\">\n<p><img loading=\"lazy\" decoding=\"async\" class=\"alignnone wp-image-3376 size-full\" src=\"https:\/\/www.tandkvalitet.dk\/wp-content\/uploads\/2023\/08\/hana2.jpg\" alt=\"\" width=\"396\" height=\"463\" srcset=\"https:\/\/www.tandkvalitet.dk\/wp-content\/uploads\/2023\/08\/hana2.jpg 396w, https:\/\/www.tandkvalitet.dk\/wp-content\/uploads\/2023\/08\/hana2-257x300.jpg 257w, https:\/\/www.tandkvalitet.dk\/wp-content\/uploads\/2023\/08\/hana2-171x200.jpg 171w\" sizes=\"auto, (max-width: 396px) 100vw, 396px\" \/><\/p>\n<h4><em>Hana El-khawaga<\/em><\/h4>\n<p><em>Udover en bred erfaring i fagets forskellige discipliner interesserer Hana sig s\u00e6rligt for tandl\u00e6geskr\u00e6k, paradentosebehandling og rodbehandlinger og yder altid en perfektionistisk og omsorgsfuld behandling.<\/em><\/p>\n<\/div>\n<div class=\"csColumnGap\" style=\"margin: 0px; padding: 0px; float: left; width: 16.3%;\"><img decoding=\"async\" src=\"https:\/\/www.tandkvalitet.dk\/wp-content\/plugins\/advanced-wp-columns\/assets\/js\/plugins\/views\/img\/1x1-pixel.png\" \/><\/div>\n<div style=\"clear: both; float: none; display: block; visibility: hidden; width: 0px; font-size: 0px; line-height: 0;\"><\/div>\n<\/div>\n<p>Vi er klar til at sikre dig en en korrekt faglig behandling p\u00e5 h\u00f8jeste niveau. Vi uddanner os l\u00f8bende for at sikre os den nyeste viden og de nyeste behandlingsprincipper .<\/p>\n<p>Vores m\u00e5l er, at alle vore patienter skal f\u00f8le sig godt behandlet, b\u00e5de fagligt og som mennesker. Du vil opleve at blive modtaget af et personale, der ved, hvad der skal til, s\u00e5 du f\u00f8ler dig afslappet og godt tilpas. Vi l\u00e6gger v\u00e6gt p\u00e5 et godt arbejdsklima i et afslappet milj\u00f8, der f\u00e5r alle til at f\u00f8le sig trygge og veltilpasse. Vi arbejder seri\u00f8st , men har ogs\u00e5 plads til smil og en god snak.<\/p>\n<p>Vi vil altid oplyse dig om dine t\u00e6nders tilstand samt informere dig om den behandling, som kan sikre dig sunde og st\u00e6rke t\u00e6nder. Vi udarbejder altid et prisoverslag inden en st\u00f8rre behandling udf\u00f8res. Det er herefter op til dig, om du vil gennemf\u00f8re behandlingen. Det er vores pligt at r\u00e5dgive dig bedst muligt, men beslutningsretten er din alene. Der er ofte flere mulige l\u00f8sninger p\u00e5 et problem.<\/p>\n","protected":false},"excerpt":{"rendered":"<p>Allan Friis Pedersen Allan interesserer sig specielt for kirurgi og implantologi og tilbyder avancerede rekonstruktioner. Allan er konsulent for andre tandl\u00e6ger og opererer for forskellige klinikker landet over. Hana El-khawaga Udover en bred erfaring i fagets forskellige discipliner interesserer Hana sig s\u00e6rligt for tandl\u00e6geskr\u00e6k, paradentosebehandling og rodbehandlinger og yder altid &hellip;<\/p>\n","protected":false},"author":1,"featured_media":0,"parent":0,"menu_order":0,"comment_status":"closed","ping_status":"closed","template":"","meta":{"footnotes":""},"class_list":["post-145","page","type-page","status-publish","hentry"],"_links":{"self":[{"href":"https:\/\/www.tandkvalitet.dk\/index.php\/wp-json\/wp\/v2\/pages\/145","targetHints":{"allow":["GET"]}}],"collection":[{"href":"https:\/\/www.tandkvalitet.dk\/index.php\/wp-json\/wp\/v2\/pages"}],"about":[{"href":"https:\/\/www.tandkvalitet.dk\/index.php\/wp-json\/wp\/v2\/types\/page"}],"author":[{"embeddable":true,"href":"https:\/\/www.tandkvalitet.dk\/index.php\/wp-json\/wp\/v2\/users\/1"}],"replies":[{"embeddable":true,"href":"https:\/\/www.tandkvalitet.dk\/index.php\/wp-json\/wp\/v2\/comments?post=145"}],"version-history":[{"count":69,"href":"https:\/\/www.tandkvalitet.dk\/index.php\/wp-json\/wp\/v2\/pages\/145\/revisions"}],"predecessor-version":[{"id":3400,"href":"https:\/\/www.tandkvalitet.dk\/index.php\/wp-json\/wp\/v2\/pages\/145\/revisions\/3400"}],"wp:attachment":[{"href":"https:\/\/www.tandkvalitet.dk\/index.php\/wp-json\/wp\/v2\/media?parent=145"}],"curies":[{"name":"wp","href":"https:\/\/api.w.org\/{rel}","templated":true}]}}