{"id":116,"date":"2017-02-27T17:34:48","date_gmt":"2017-02-27T16:34:48","guid":{"rendered":"http:\/\/www.jc.dk\/?page_id=116"},"modified":"2020-03-17T10:01:30","modified_gmt":"2020-03-17T09:01:30","slug":"behandlinger","status":"publish","type":"page","link":"https:\/\/www.tandkvalitet.dk\/index.php\/behandlinger\/","title":{"rendered":"Behandlinger"},"content":{"rendered":"<p>Vi har herunder samlet en r\u00e6kke beskrivelser omkring forskellige behandlinger. Beskrivelser samt illustrationer er direkte fra Tandl\u00e6geforeningens hjemmeside:<\/p>\n<ul>\n<li><a href=\"\/index.php\/behandlinger\/specielle-implantatbehandlinger\/\">Specielle implantatbehandlinger<\/a><\/li>\n<li><a href=\"https:\/\/www.tandlaegeforeningen.dk\/patienter\/tandsygdomme-gener-og-behandlinger\/g-k\/implantat-en-kunstig-tandrod\/\" target=\"_blank\" rel=\"noopener noreferrer\">Implantatbehandlinger<\/a><\/li>\n<li><a href=\"https:\/\/www.tandlaegeforeningen.dk\/patienter\/tandsygdomme-gener-og-behandlinger\/a-f\/caries\/\" target=\"_blank\" rel=\"noopener noreferrer\">Caries<\/a><\/li>\n<li><a href=\"https:\/\/www.tandlaegeforeningen.dk\/patienter\/tandsygdomme-gener-og-behandlinger\/s-%C3%A5\/tandkoedsbetaendelse\/\" target=\"_blank\" rel=\"noopener noreferrer\">Tandk\u00f8dsbet\u00e6ndelse og parodontitis<\/a><\/li>\n<li><a href=\"https:\/\/www.tandlaegeforeningen.dk\/patienter\/tandsygdomme-gener-og-behandlinger\/p-r\/rodbehandling\/\" target=\"_blank\" rel=\"noopener noreferrer\">Rodbehandling<\/a><\/li>\n<li><a href=\"https:\/\/www.tandlaegeforeningen.dk\/patienter\/tandsygdomme-gener-og-behandlinger\/p-r\/revner-i-taenderne-dentininfraktioner\/\" target=\"_blank\" rel=\"noopener noreferrer\">Revner i t\u00e6nderne<\/a><\/li>\n<li><a href=\"https:\/\/www.tandlaegeforeningen.dk\/patienter\/tandsygdomme-gener-og-behandlinger\/s-%C3%A5\/visdomstaender\/\" target=\"_blank\" rel=\"noopener noreferrer\">Visdomst\u00e6nder<\/a><\/li>\n<li><a href=\"https:\/\/www.tandlaegeforeningen.dk\/patienter\/tandsygdomme-gener-og-behandlinger\/a-f\/efter-fjernelse-af-en-tand\/\" target=\"_blank\" rel=\"noopener noreferrer\">Efter fjernelse af en tand<\/a><\/li>\n<li><a href=\"https:\/\/www.tandlaegeforeningen.dk\/patienter\/tandsygdomme-gener-og-behandlinger\/a-f\/erosioner-syreskader-paa-taenderne\/\" target=\"_blank\" rel=\"noopener noreferrer\">Erosioner &#8211; syreskader<\/a><\/li>\n<li><a href=\"https:\/\/www.tandlaegeforeningen.dk\/patienter\/livsstil\/kosmetisk-tandbehandling\/\" target=\"_blank\" rel=\"noopener noreferrer\">Kosmetisk tandbehandling<\/a><\/li>\n<li><a href=\"https:\/\/www.tandlaegeforeningen.dk\/patienter\/tandsygdomme-gener-og-behandlinger\/g-k\/kroner-og-broer\/\" target=\"_blank\" rel=\"noopener noreferrer\">Kroner og broer<\/a><\/li>\n<li><a href=\"https:\/\/www.tandlaegeforeningen.dk\/patienter\/tandsygdomme-gener-og-behandlinger\/p-r\/ny-protese\/\" target=\"_blank\" rel=\"noopener noreferrer\">Helprotese<\/a><\/li>\n<li><a href=\"https:\/\/www.tandlaegeforeningen.dk\/patienter\/tandsygdomme-gener-og-behandlinger\/p-r\/ny-protese\/\" target=\"_blank\" rel=\"noopener noreferrer\">Delprotese<\/a><\/li>\n<\/ul>\n","protected":false},"excerpt":{"rendered":"<p>Vi har herunder samlet en r\u00e6kke beskrivelser omkring forskellige behandlinger. Beskrivelser samt illustrationer er direkte fra Tandl\u00e6geforeningens hjemmeside: Specielle implantatbehandlinger Implantatbehandlinger Caries Tandk\u00f8dsbet\u00e6ndelse og parodontitis Rodbehandling Revner i t\u00e6nderne Visdomst\u00e6nder Efter fjernelse af en tand Erosioner &#8211; syreskader Kosmetisk tandbehandling Kroner og broer Helprotese Delprotese<\/p>\n","protected":false},"author":1,"featured_media":0,"parent":0,"menu_order":0,"comment_status":"closed","ping_status":"closed","template":"","meta":{"footnotes":""},"class_list":["post-116","page","type-page","status-publish","hentry"],"_links":{"self":[{"href":"https:\/\/www.tandkvalitet.dk\/index.php\/wp-json\/wp\/v2\/pages\/116","targetHints":{"allow":["GET"]}}],"collection":[{"href":"https:\/\/www.tandkvalitet.dk\/index.php\/wp-json\/wp\/v2\/pages"}],"about":[{"href":"https:\/\/www.tandkvalitet.dk\/index.php\/wp-json\/wp\/v2\/types\/page"}],"author":[{"embeddable":true,"href":"https:\/\/www.tandkvalitet.dk\/index.php\/wp-json\/wp\/v2\/users\/1"}],"replies":[{"embeddable":true,"href":"https:\/\/www.tandkvalitet.dk\/index.php\/wp-json\/wp\/v2\/comments?post=116"}],"version-history":[{"count":25,"href":"https:\/\/www.tandkvalitet.dk\/index.php\/wp-json\/wp\/v2\/pages\/116\/revisions"}],"predecessor-version":[{"id":675,"href":"https:\/\/www.tandkvalitet.dk\/index.php\/wp-json\/wp\/v2\/pages\/116\/revisions\/675"}],"wp:attachment":[{"href":"https:\/\/www.tandkvalitet.dk\/index.php\/wp-json\/wp\/v2\/media?parent=116"}],"curies":[{"name":"wp","href":"https:\/\/api.w.org\/{rel}","templated":true}]}}